{"id":1444,"date":"2022-09-29T15:27:51","date_gmt":"2022-09-29T13:27:51","guid":{"rendered":"https:\/\/advstudios.fr\/?page_id=1444"},"modified":"2022-09-29T16:28:57","modified_gmt":"2022-09-29T14:28:57","slug":"jobs","status":"publish","type":"page","link":"https:\/\/advstudios.fr\/index.php\/jobs\/","title":{"rendered":"Jobs !"},"content":{"rendered":"<div class=\"wp-block-visual-portfolio\">\n<div class=\"vp-portfolio vp-uid-f5f484c1 vp-id-Z236MJ5\"\n\tdata-vp-layout=\"tiles\" data-vp-content-source=\"post-based\" data-vp-items-style=\"fade\" data-vp-items-click-action=\"url\" data-vp-items-gap=\"15\" data-vp-items-gap-vertical=\"\" data-vp-pagination=\"load-more\" data-vp-next-page-url=\"https:\/\/advstudios.fr\/index.php\/wp-json\/wp\/v2\/pages\/1444?vp_page=2\" data-vp-random-seed=\"1963163423\" data-vp-tiles-type=\"3|1,1|\" >\n\t<div class=\"vp-portfolio__preloader-wrap\">\n\t\t<div class=\"vp-portfolio__preloader\">\n\t\t\t<img decoding=\"async\" loading=\"eager\" src=\"https:\/\/advstudios.fr\/wp-content\/plugins\/visual-portfolio\/assets\/images\/logo-dark.svg\" alt=\"Visual Portfolio, Posts &amp; Image Gallery for WordPress\" width=\"20\" height=\"20\" data-skip-lazy>\n\t\t<\/div>\n\t<\/div>\n\t\t<div class=\"vp-portfolio__items-wrap\">\n\t\t\t\n<div class=\"vp-portfolio__items vp-portfolio__items-style-fade vp-portfolio__items-show-overlay-hover\">\n\n\t\t<article\t\tclass=\"vp-portfolio__item-wrap post-997 jetpack-portfolio type-jetpack-portfolio status-publish format-standard has-post-thumbnail hentry jetpack-portfolio-type-ado-adulte jetpack-portfolio-type-courts-metrages jetpack-portfolio-type-prestation jetpack-portfolio-type-termines vp-portfolio__item-uid-fab3cadc\" data-vp-filter=\"ado-adulte,courts-metrages,prestation,termines\" \t\t>\n\t\t\t\t\t\t\t\t\t<figure class=\"vp-portfolio__item\">\n\t\t\t\t\n<div class=\"vp-portfolio__item-img-wrap\">\n\t<div class=\"vp-portfolio__item-img\">\n\t\t\t<a\n\t\thref=\"https:\/\/advstudios.fr\/index.php\/portfolio\/gagarine-cosmic-trip\/\"\n\t\taria-label=\"Gagarine  : Cosmic Trip\" \t>\n\t\n\t\t<noscript><img loading=\"lazy\" decoding=\"async\" data-attachment-id=\"185\" data-permalink=\"https:\/\/advstudios.fr\/gagarine1\/\" data-orig-file=\"https:\/\/advstudios.fr\/wp-content\/uploads\/2017\/09\/gagarine1-e1658237335211.jpg\" data-orig-size=\"1080,1080\" data-comments-opened=\"0\" data-image-meta=\"{&quot;aperture&quot;:&quot;0&quot;,&quot;credit&quot;:&quot;&quot;,&quot;camera&quot;:&quot;&quot;,&quot;caption&quot;:&quot;&quot;,&quot;created_timestamp&quot;:&quot;0&quot;,&quot;copyright&quot;:&quot;&quot;,&quot;focal_length&quot;:&quot;0&quot;,&quot;iso&quot;:&quot;0&quot;,&quot;shutter_speed&quot;:&quot;0&quot;,&quot;title&quot;:&quot;&quot;,&quot;orientation&quot;:&quot;0&quot;}\" data-image-title=\"Gagarine1\" data-image-description=\"\" data-image-caption=\"\" data-large-file=\"https:\/\/advstudios.fr\/wp-content\/uploads\/2017\/09\/gagarine1-e1658237335211-1024x1024.jpg\" width=\"1080\" height=\"1080\" data-skip-lazy src=\"https:\/\/advstudios.fr\/wp-content\/uploads\/2017\/09\/gagarine1-e1658237335211.jpg\" class=\"wp-image-185\" alt=\"\" srcset=\"https:\/\/advstudios.fr\/wp-content\/uploads\/2017\/09\/gagarine1-e1658237335211.jpg 1080w, https:\/\/advstudios.fr\/wp-content\/uploads\/2017\/09\/gagarine1-e1658237335211-300x300.jpg 300w, https:\/\/advstudios.fr\/wp-content\/uploads\/2017\/09\/gagarine1-e1658237335211-1024x1024.jpg 1024w, https:\/\/advstudios.fr\/wp-content\/uploads\/2017\/09\/gagarine1-e1658237335211-150x150.jpg 150w, https:\/\/advstudios.fr\/wp-content\/uploads\/2017\/09\/gagarine1-e1658237335211-768x768.jpg 768w, https:\/\/advstudios.fr\/wp-content\/uploads\/2017\/09\/gagarine1-e1658237335211-730x730.jpg 730w, https:\/\/advstudios.fr\/wp-content\/uploads\/2017\/09\/gagarine1-e1658237335211-365x365.jpg 365w\" sizes=\"auto, (max-width: 1080px) 100vw, 1080px\" data-attachment-id=\"185\" data-permalink=\"https:\/\/advstudios.fr\/gagarine1\/\" data-orig-file=\"https:\/\/advstudios.fr\/wp-content\/uploads\/2017\/09\/gagarine1-e1658237335211.jpg\" data-orig-size=\"1080,1080\" data-comments-opened=\"0\" data-image-meta=\"{&quot;aperture&quot;:&quot;0&quot;,&quot;credit&quot;:&quot;&quot;,&quot;camera&quot;:&quot;&quot;,&quot;caption&quot;:&quot;&quot;,&quot;created_timestamp&quot;:&quot;0&quot;,&quot;copyright&quot;:&quot;&quot;,&quot;focal_length&quot;:&quot;0&quot;,&quot;iso&quot;:&quot;0&quot;,&quot;shutter_speed&quot;:&quot;0&quot;,&quot;title&quot;:&quot;&quot;,&quot;orientation&quot;:&quot;0&quot;}\" data-image-title=\"Gagarine1\" data-image-description=\"\" data-image-caption=\"\" data-large-file=\"https:\/\/advstudios.fr\/wp-content\/uploads\/2017\/09\/gagarine1-e1658237335211-1024x1024.jpg\" \/><\/noscript><img fetchpriority=\"high\" decoding=\"async\" data-attachment-id=\"185\" data-permalink=\"https:\/\/advstudios.fr\/gagarine1\/\" data-orig-file=\"https:\/\/advstudios.fr\/wp-content\/uploads\/2017\/09\/gagarine1-e1658237335211.jpg\" data-orig-size=\"1080,1080\" data-comments-opened=\"0\" data-image-meta=\"{&quot;aperture&quot;:&quot;0&quot;,&quot;credit&quot;:&quot;&quot;,&quot;camera&quot;:&quot;&quot;,&quot;caption&quot;:&quot;&quot;,&quot;created_timestamp&quot;:&quot;0&quot;,&quot;copyright&quot;:&quot;&quot;,&quot;focal_length&quot;:&quot;0&quot;,&quot;iso&quot;:&quot;0&quot;,&quot;shutter_speed&quot;:&quot;0&quot;,&quot;title&quot;:&quot;&quot;,&quot;orientation&quot;:&quot;0&quot;}\" data-image-title=\"Gagarine1\" data-image-description=\"\" data-image-caption=\"\" data-large-file=\"https:\/\/advstudios.fr\/wp-content\/uploads\/2017\/09\/gagarine1-e1658237335211-1024x1024.jpg\" width=\"1080\" height=\"1080\" src=\"https:\/\/advstudios.fr\/wp-content\/uploads\/2017\/09\/gagarine1-e1658237335211.jpg\" class=\"wp-image-185 vp-lazyload\" alt srcset=\"data:image\/svg+xml;base64,PHN2ZyB3aWR0aD0iMTA4MCIgaGVpZ2h0PSIxMDgwIiB2aWV3Qm94PSIwIDAgMTA4MCAxMDgwIiBmaWxsPSJub25lIiB4bWxucz0iaHR0cDovL3d3dy53My5vcmcvMjAwMC9zdmciPjwvc3ZnPg==\" data-attachment-id=\"185\" data-permalink=\"https:\/\/advstudios.fr\/gagarine1\/\" data-orig-file=\"https:\/\/advstudios.fr\/wp-content\/uploads\/2017\/09\/gagarine1-e1658237335211.jpg\" data-orig-size=\"1080,1080\" data-comments-opened=\"0\" data-image-meta=\"{&quot;aperture&quot;:&quot;0&quot;,&quot;credit&quot;:&quot;&quot;,&quot;camera&quot;:&quot;&quot;,&quot;caption&quot;:&quot;&quot;,&quot;created_timestamp&quot;:&quot;0&quot;,&quot;copyright&quot;:&quot;&quot;,&quot;focal_length&quot;:&quot;0&quot;,&quot;iso&quot;:&quot;0&quot;,&quot;shutter_speed&quot;:&quot;0&quot;,&quot;title&quot;:&quot;&quot;,&quot;orientation&quot;:&quot;0&quot;}\" data-image-title=\"Gagarine1\" data-image-description data-image-caption data-large-file=\"https:\/\/advstudios.fr\/wp-content\/uploads\/2017\/09\/gagarine1-e1658237335211-1024x1024.jpg\" data-src=\"https:\/\/advstudios.fr\/wp-content\/uploads\/2017\/09\/gagarine1-e1658237335211.jpg\" data-srcset=\"https:\/\/advstudios.fr\/wp-content\/uploads\/2017\/09\/gagarine1-e1658237335211.jpg 1080w, https:\/\/advstudios.fr\/wp-content\/uploads\/2017\/09\/gagarine1-e1658237335211-300x300.jpg 300w, https:\/\/advstudios.fr\/wp-content\/uploads\/2017\/09\/gagarine1-e1658237335211-1024x1024.jpg 1024w, https:\/\/advstudios.fr\/wp-content\/uploads\/2017\/09\/gagarine1-e1658237335211-150x150.jpg 150w, https:\/\/advstudios.fr\/wp-content\/uploads\/2017\/09\/gagarine1-e1658237335211-768x768.jpg 768w, https:\/\/advstudios.fr\/wp-content\/uploads\/2017\/09\/gagarine1-e1658237335211-730x730.jpg 730w, https:\/\/advstudios.fr\/wp-content\/uploads\/2017\/09\/gagarine1-e1658237335211-365x365.jpg 365w\" data-sizes=\"auto\" loading=\"eager\">\n\t\t<\/a>\t<\/div>\n<\/div>\n\t<figcaption class=\"vp-portfolio__item-overlay vp-portfolio__item-overlay-text-align-center\">\n\t\t<div class=\"vp-portfolio__item-meta-wrap vp-portfolio__custom-scrollbar\">\n\t\t\t\t<a\n\t\thref=\"https:\/\/advstudios.fr\/index.php\/portfolio\/gagarine-cosmic-trip\/\"\n\t\ttabindex=\"-1\" class=\"vp-portfolio__item-meta\" aria-label=\"Gagarine  : Cosmic Trip\" \t>\n\t\n\n<div class=\"vp-portfolio__item-meta-categories\">\n\t\t\t<div class=\"vp-portfolio__item-meta-category\">\n\t\t\t\t<span\t\t\t>\n\tAdo-Adulte<\/span>\t\t<\/div>\n\t\t<\/div>\n\n\n<h2 class=\"vp-portfolio__item-meta-title\">\n\tGagarine  : Cosmic Trip<\/h2>\n<\/a>\t\t<\/div>\n\t<\/figcaption>\n\t\t\t<\/figure>\n\t\t\t\t\t<\/article>\n\t\t\n\t\t<article\t\tclass=\"vp-portfolio__item-wrap post-918 jetpack-portfolio type-jetpack-portfolio status-publish format-standard has-post-thumbnail hentry jetpack-portfolio-type-ado-adulte jetpack-portfolio-type-courts-metrages jetpack-portfolio-type-prestation jetpack-portfolio-type-termines vp-portfolio__item-uid-a2d55d45\" data-vp-filter=\"ado-adulte,courts-metrages,prestation,termines\" \t\t>\n\t\t\t\t\t\t\t\t\t<figure class=\"vp-portfolio__item\">\n\t\t\t\t\n<div class=\"vp-portfolio__item-img-wrap\">\n\t<div class=\"vp-portfolio__item-img\">\n\t\t\t<a\n\t\thref=\"https:\/\/advstudios.fr\/index.php\/portfolio\/lonely-bones\/\"\n\t\taria-label=\"Lonely Bones\" \t>\n\t\n\t\t<noscript><img loading=\"lazy\" decoding=\"async\" data-attachment-id=\"513\" data-permalink=\"https:\/\/advstudios.fr\/lonely_bones_1\/\" data-orig-file=\"https:\/\/advstudios.fr\/wp-content\/uploads\/2017\/09\/lonely_bones_1-e1658240145194.jpg\" data-orig-size=\"566,566\" data-comments-opened=\"0\" data-image-meta=\"{&quot;aperture&quot;:&quot;0&quot;,&quot;credit&quot;:&quot;&quot;,&quot;camera&quot;:&quot;&quot;,&quot;caption&quot;:&quot;&quot;,&quot;created_timestamp&quot;:&quot;0&quot;,&quot;copyright&quot;:&quot;&quot;,&quot;focal_length&quot;:&quot;0&quot;,&quot;iso&quot;:&quot;0&quot;,&quot;shutter_speed&quot;:&quot;0&quot;,&quot;title&quot;:&quot;&quot;,&quot;orientation&quot;:&quot;0&quot;}\" data-image-title=\"LONELY_BONES_1\" data-image-description=\"\" data-image-caption=\"\" data-large-file=\"https:\/\/advstudios.fr\/wp-content\/uploads\/2017\/09\/lonely_bones_1-e1658240145194.jpg\" width=\"566\" height=\"566\" data-skip-lazy src=\"https:\/\/advstudios.fr\/wp-content\/uploads\/2017\/09\/lonely_bones_1-e1658240145194.jpg\" class=\"wp-image-513\" alt=\"\" srcset=\"https:\/\/advstudios.fr\/wp-content\/uploads\/2017\/09\/lonely_bones_1-e1658240145194.jpg 566w, https:\/\/advstudios.fr\/wp-content\/uploads\/2017\/09\/lonely_bones_1-e1658240145194-300x300.jpg 300w, https:\/\/advstudios.fr\/wp-content\/uploads\/2017\/09\/lonely_bones_1-e1658240145194-150x150.jpg 150w, https:\/\/advstudios.fr\/wp-content\/uploads\/2017\/09\/lonely_bones_1-e1658240145194-365x365.jpg 365w\" sizes=\"auto, (max-width: 566px) 100vw, 566px\" data-attachment-id=\"513\" data-permalink=\"https:\/\/advstudios.fr\/lonely_bones_1\/\" data-orig-file=\"https:\/\/advstudios.fr\/wp-content\/uploads\/2017\/09\/lonely_bones_1-e1658240145194.jpg\" data-orig-size=\"566,566\" data-comments-opened=\"0\" data-image-meta=\"{&quot;aperture&quot;:&quot;0&quot;,&quot;credit&quot;:&quot;&quot;,&quot;camera&quot;:&quot;&quot;,&quot;caption&quot;:&quot;&quot;,&quot;created_timestamp&quot;:&quot;0&quot;,&quot;copyright&quot;:&quot;&quot;,&quot;focal_length&quot;:&quot;0&quot;,&quot;iso&quot;:&quot;0&quot;,&quot;shutter_speed&quot;:&quot;0&quot;,&quot;title&quot;:&quot;&quot;,&quot;orientation&quot;:&quot;0&quot;}\" data-image-title=\"LONELY_BONES_1\" data-image-description=\"\" data-image-caption=\"\" data-large-file=\"https:\/\/advstudios.fr\/wp-content\/uploads\/2017\/09\/lonely_bones_1-e1658240145194.jpg\" \/><\/noscript><img decoding=\"async\" data-attachment-id=\"513\" data-permalink=\"https:\/\/advstudios.fr\/lonely_bones_1\/\" data-orig-file=\"https:\/\/advstudios.fr\/wp-content\/uploads\/2017\/09\/lonely_bones_1-e1658240145194.jpg\" data-orig-size=\"566,566\" data-comments-opened=\"0\" data-image-meta=\"{&quot;aperture&quot;:&quot;0&quot;,&quot;credit&quot;:&quot;&quot;,&quot;camera&quot;:&quot;&quot;,&quot;caption&quot;:&quot;&quot;,&quot;created_timestamp&quot;:&quot;0&quot;,&quot;copyright&quot;:&quot;&quot;,&quot;focal_length&quot;:&quot;0&quot;,&quot;iso&quot;:&quot;0&quot;,&quot;shutter_speed&quot;:&quot;0&quot;,&quot;title&quot;:&quot;&quot;,&quot;orientation&quot;:&quot;0&quot;}\" data-image-title=\"LONELY_BONES_1\" data-image-description=\"\" data-image-caption=\"\" data-large-file=\"https:\/\/advstudios.fr\/wp-content\/uploads\/2017\/09\/lonely_bones_1-e1658240145194.jpg\" width=\"566\" height=\"566\" src=\"https:\/\/advstudios.fr\/wp-content\/uploads\/2017\/09\/lonely_bones_1-e1658240145194.jpg\" class=\"wp-image-513 vp-lazyload\" alt srcset=\"data:image\/svg+xml;base64,PHN2ZyB3aWR0aD0iNTY2IiBoZWlnaHQ9IjU2NiIgdmlld0JveD0iMCAwIDU2NiA1NjYiIGZpbGw9Im5vbmUiIHhtbG5zPSJodHRwOi8vd3d3LnczLm9yZy8yMDAwL3N2ZyI+PC9zdmc+\" data-attachment-id=\"513\" data-permalink=\"https:\/\/advstudios.fr\/lonely_bones_1\/\" data-orig-file=\"https:\/\/advstudios.fr\/wp-content\/uploads\/2017\/09\/lonely_bones_1-e1658240145194.jpg\" data-orig-size=\"566,566\" data-comments-opened=\"0\" data-image-meta=\"{&quot;aperture&quot;:&quot;0&quot;,&quot;credit&quot;:&quot;&quot;,&quot;camera&quot;:&quot;&quot;,&quot;caption&quot;:&quot;&quot;,&quot;created_timestamp&quot;:&quot;0&quot;,&quot;copyright&quot;:&quot;&quot;,&quot;focal_length&quot;:&quot;0&quot;,&quot;iso&quot;:&quot;0&quot;,&quot;shutter_speed&quot;:&quot;0&quot;,&quot;title&quot;:&quot;&quot;,&quot;orientation&quot;:&quot;0&quot;}\" data-image-title=\"LONELY_BONES_1\" data-image-description data-image-caption data-large-file=\"https:\/\/advstudios.fr\/wp-content\/uploads\/2017\/09\/lonely_bones_1-e1658240145194.jpg\" data-src=\"https:\/\/advstudios.fr\/wp-content\/uploads\/2017\/09\/lonely_bones_1-e1658240145194.jpg\" data-srcset=\"https:\/\/advstudios.fr\/wp-content\/uploads\/2017\/09\/lonely_bones_1-e1658240145194.jpg 566w, https:\/\/advstudios.fr\/wp-content\/uploads\/2017\/09\/lonely_bones_1-e1658240145194-300x300.jpg 300w, https:\/\/advstudios.fr\/wp-content\/uploads\/2017\/09\/lonely_bones_1-e1658240145194-150x150.jpg 150w, https:\/\/advstudios.fr\/wp-content\/uploads\/2017\/09\/lonely_bones_1-e1658240145194-365x365.jpg 365w\" data-sizes=\"auto\" loading=\"eager\">\n\t\t<\/a>\t<\/div>\n<\/div>\n\t<figcaption class=\"vp-portfolio__item-overlay vp-portfolio__item-overlay-text-align-center\">\n\t\t<div class=\"vp-portfolio__item-meta-wrap vp-portfolio__custom-scrollbar\">\n\t\t\t\t<a\n\t\thref=\"https:\/\/advstudios.fr\/index.php\/portfolio\/lonely-bones\/\"\n\t\ttabindex=\"-1\" class=\"vp-portfolio__item-meta\" aria-label=\"Lonely Bones\" \t>\n\t\n\n<div class=\"vp-portfolio__item-meta-categories\">\n\t\t\t<div class=\"vp-portfolio__item-meta-category\">\n\t\t\t\t<span\t\t\t>\n\tAdo-Adulte<\/span>\t\t<\/div>\n\t\t<\/div>\n\n\n<h2 class=\"vp-portfolio__item-meta-title\">\n\tLonely Bones<\/h2>\n<\/a>\t\t<\/div>\n\t<\/figcaption>\n\t\t\t<\/figure>\n\t\t\t\t\t<\/article>\n\t\t\n\t\t<article\t\tclass=\"vp-portfolio__item-wrap post-954 jetpack-portfolio type-jetpack-portfolio status-publish format-standard has-post-thumbnail hentry jetpack-portfolio-type-ado-adulte jetpack-portfolio-type-courts-metrages jetpack-portfolio-type-prestation jetpack-portfolio-type-termines vp-portfolio__item-uid-cf0fd46a\" data-vp-filter=\"ado-adulte,courts-metrages,prestation,termines\" \t\t>\n\t\t\t\t\t\t\t\t\t<figure class=\"vp-portfolio__item\">\n\t\t\t\t\n<div class=\"vp-portfolio__item-img-wrap\">\n\t<div class=\"vp-portfolio__item-img\">\n\t\t\t<a\n\t\thref=\"https:\/\/advstudios.fr\/index.php\/portfolio\/the-race\/\"\n\t\taria-label=\"The Race\" \t>\n\t\n\t\t<noscript><img loading=\"lazy\" decoding=\"async\" data-attachment-id=\"353\" data-permalink=\"https:\/\/advstudios.fr\/the-race-_2\/\" data-orig-file=\"https:\/\/advstudios.fr\/wp-content\/uploads\/2017\/09\/the-race-_2-e1658239266329.jpg\" data-orig-size=\"1080,1080\" data-comments-opened=\"0\" data-image-meta=\"{&quot;aperture&quot;:&quot;0&quot;,&quot;credit&quot;:&quot;&quot;,&quot;camera&quot;:&quot;&quot;,&quot;caption&quot;:&quot;&quot;,&quot;created_timestamp&quot;:&quot;0&quot;,&quot;copyright&quot;:&quot;&quot;,&quot;focal_length&quot;:&quot;0&quot;,&quot;iso&quot;:&quot;0&quot;,&quot;shutter_speed&quot;:&quot;0&quot;,&quot;title&quot;:&quot;&quot;,&quot;orientation&quot;:&quot;0&quot;}\" data-image-title=\"The Race _2\" data-image-description=\"\" data-image-caption=\"\" data-large-file=\"https:\/\/advstudios.fr\/wp-content\/uploads\/2017\/09\/the-race-_2-e1658239266329-1024x1024.jpg\" width=\"1080\" height=\"1080\" data-skip-lazy src=\"https:\/\/advstudios.fr\/wp-content\/uploads\/2017\/09\/the-race-_2-e1658239266329.jpg\" class=\"wp-image-353\" alt=\"\" srcset=\"https:\/\/advstudios.fr\/wp-content\/uploads\/2017\/09\/the-race-_2-e1658239266329.jpg 1080w, https:\/\/advstudios.fr\/wp-content\/uploads\/2017\/09\/the-race-_2-e1658239266329-300x300.jpg 300w, https:\/\/advstudios.fr\/wp-content\/uploads\/2017\/09\/the-race-_2-e1658239266329-1024x1024.jpg 1024w, https:\/\/advstudios.fr\/wp-content\/uploads\/2017\/09\/the-race-_2-e1658239266329-150x150.jpg 150w, https:\/\/advstudios.fr\/wp-content\/uploads\/2017\/09\/the-race-_2-e1658239266329-768x768.jpg 768w, https:\/\/advstudios.fr\/wp-content\/uploads\/2017\/09\/the-race-_2-e1658239266329-730x730.jpg 730w, https:\/\/advstudios.fr\/wp-content\/uploads\/2017\/09\/the-race-_2-e1658239266329-365x365.jpg 365w\" sizes=\"auto, (max-width: 1080px) 100vw, 1080px\" data-attachment-id=\"353\" data-permalink=\"https:\/\/advstudios.fr\/the-race-_2\/\" data-orig-file=\"https:\/\/advstudios.fr\/wp-content\/uploads\/2017\/09\/the-race-_2-e1658239266329.jpg\" data-orig-size=\"1080,1080\" data-comments-opened=\"0\" data-image-meta=\"{&quot;aperture&quot;:&quot;0&quot;,&quot;credit&quot;:&quot;&quot;,&quot;camera&quot;:&quot;&quot;,&quot;caption&quot;:&quot;&quot;,&quot;created_timestamp&quot;:&quot;0&quot;,&quot;copyright&quot;:&quot;&quot;,&quot;focal_length&quot;:&quot;0&quot;,&quot;iso&quot;:&quot;0&quot;,&quot;shutter_speed&quot;:&quot;0&quot;,&quot;title&quot;:&quot;&quot;,&quot;orientation&quot;:&quot;0&quot;}\" data-image-title=\"The Race _2\" data-image-description=\"\" data-image-caption=\"\" data-large-file=\"https:\/\/advstudios.fr\/wp-content\/uploads\/2017\/09\/the-race-_2-e1658239266329-1024x1024.jpg\" \/><\/noscript><img decoding=\"async\" data-attachment-id=\"353\" data-permalink=\"https:\/\/advstudios.fr\/the-race-_2\/\" data-orig-file=\"https:\/\/advstudios.fr\/wp-content\/uploads\/2017\/09\/the-race-_2-e1658239266329.jpg\" data-orig-size=\"1080,1080\" data-comments-opened=\"0\" data-image-meta=\"{&quot;aperture&quot;:&quot;0&quot;,&quot;credit&quot;:&quot;&quot;,&quot;camera&quot;:&quot;&quot;,&quot;caption&quot;:&quot;&quot;,&quot;created_timestamp&quot;:&quot;0&quot;,&quot;copyright&quot;:&quot;&quot;,&quot;focal_length&quot;:&quot;0&quot;,&quot;iso&quot;:&quot;0&quot;,&quot;shutter_speed&quot;:&quot;0&quot;,&quot;title&quot;:&quot;&quot;,&quot;orientation&quot;:&quot;0&quot;}\" data-image-title=\"The Race _2\" data-image-description=\"\" data-image-caption=\"\" data-large-file=\"https:\/\/advstudios.fr\/wp-content\/uploads\/2017\/09\/the-race-_2-e1658239266329-1024x1024.jpg\" width=\"1080\" height=\"1080\" src=\"https:\/\/advstudios.fr\/wp-content\/uploads\/2017\/09\/the-race-_2-e1658239266329.jpg\" class=\"wp-image-353 vp-lazyload\" alt srcset=\"data:image\/svg+xml;base64,PHN2ZyB3aWR0aD0iMTA4MCIgaGVpZ2h0PSIxMDgwIiB2aWV3Qm94PSIwIDAgMTA4MCAxMDgwIiBmaWxsPSJub25lIiB4bWxucz0iaHR0cDovL3d3dy53My5vcmcvMjAwMC9zdmciPjwvc3ZnPg==\" data-attachment-id=\"353\" data-permalink=\"https:\/\/advstudios.fr\/the-race-_2\/\" data-orig-file=\"https:\/\/advstudios.fr\/wp-content\/uploads\/2017\/09\/the-race-_2-e1658239266329.jpg\" data-orig-size=\"1080,1080\" data-comments-opened=\"0\" data-image-meta=\"{&quot;aperture&quot;:&quot;0&quot;,&quot;credit&quot;:&quot;&quot;,&quot;camera&quot;:&quot;&quot;,&quot;caption&quot;:&quot;&quot;,&quot;created_timestamp&quot;:&quot;0&quot;,&quot;copyright&quot;:&quot;&quot;,&quot;focal_length&quot;:&quot;0&quot;,&quot;iso&quot;:&quot;0&quot;,&quot;shutter_speed&quot;:&quot;0&quot;,&quot;title&quot;:&quot;&quot;,&quot;orientation&quot;:&quot;0&quot;}\" data-image-title=\"The Race _2\" data-image-description data-image-caption data-large-file=\"https:\/\/advstudios.fr\/wp-content\/uploads\/2017\/09\/the-race-_2-e1658239266329-1024x1024.jpg\" data-src=\"https:\/\/advstudios.fr\/wp-content\/uploads\/2017\/09\/the-race-_2-e1658239266329.jpg\" data-srcset=\"https:\/\/advstudios.fr\/wp-content\/uploads\/2017\/09\/the-race-_2-e1658239266329.jpg 1080w, https:\/\/advstudios.fr\/wp-content\/uploads\/2017\/09\/the-race-_2-e1658239266329-300x300.jpg 300w, https:\/\/advstudios.fr\/wp-content\/uploads\/2017\/09\/the-race-_2-e1658239266329-1024x1024.jpg 1024w, https:\/\/advstudios.fr\/wp-content\/uploads\/2017\/09\/the-race-_2-e1658239266329-150x150.jpg 150w, https:\/\/advstudios.fr\/wp-content\/uploads\/2017\/09\/the-race-_2-e1658239266329-768x768.jpg 768w, https:\/\/advstudios.fr\/wp-content\/uploads\/2017\/09\/the-race-_2-e1658239266329-730x730.jpg 730w, https:\/\/advstudios.fr\/wp-content\/uploads\/2017\/09\/the-race-_2-e1658239266329-365x365.jpg 365w\" data-sizes=\"auto\" loading=\"eager\">\n\t\t<\/a>\t<\/div>\n<\/div>\n\t<figcaption class=\"vp-portfolio__item-overlay vp-portfolio__item-overlay-text-align-center\">\n\t\t<div class=\"vp-portfolio__item-meta-wrap vp-portfolio__custom-scrollbar\">\n\t\t\t\t<a\n\t\thref=\"https:\/\/advstudios.fr\/index.php\/portfolio\/the-race\/\"\n\t\ttabindex=\"-1\" class=\"vp-portfolio__item-meta\" aria-label=\"The Race\" \t>\n\t\n\n<div class=\"vp-portfolio__item-meta-categories\">\n\t\t\t<div class=\"vp-portfolio__item-meta-category\">\n\t\t\t\t<span\t\t\t>\n\tAdo-Adulte<\/span>\t\t<\/div>\n\t\t<\/div>\n\n\n<h2 class=\"vp-portfolio__item-meta-title\">\n\tThe Race<\/h2>\n<\/a>\t\t<\/div>\n\t<\/figcaption>\n\t\t\t<\/figure>\n\t\t\t\t\t<\/article>\n\t\t\n<\/div>\n\t\t<\/div>\n\t\t\n<\/div>\n<\/div>\n\n\n<div style=\"height:50px\" aria-hidden=\"true\" class=\"wp-block-spacer\"><\/div>\n\n\n\n<p>Autour du Volcan studios recherche fr\u00e9quemment de nouveaux collaborateurs et de nouveaux projets, n\u2019h\u00e9sitez pas \u00e0 nous envoyer une candidature spontan\u00e9e !<\/p>\n\n\n\n<p>Merci d\u2019envoyer&nbsp;un seul&nbsp;mail&nbsp;avec<\/p>\n\n\n\n<ul class=\"wp-block-list\"><li>votre CV en PDF<\/li><li>votre book en PDF si n\u00e9cessaire<\/li><li>un lien vers votre bande d\u00e9mo.<\/li><\/ul>\n\n\n\n<p>Nous recevons de nombreuses candidatures, nous n\u2019avons pas la capacit\u00e9 de toutes les traiter aussi :<\/p>\n\n\n\n<ul class=\"wp-block-list\"><li>les r\u00e9ponses peuvent prendre du temps<\/li><li>toute candidature ne respectant pas les demandes \u00e9num\u00e9r\u00e9es ci-dessus ne seront pas prises en compte.<\/li><\/ul>\n\n\n\n<p>En vous remerciant pour l\u2019int\u00e9r\u00eat que vous portez \u00e0 notre travail.<\/p>\n\n\n\n<p><strong>recrutement[at]advstudios.fr<\/strong><\/p>\n","protected":false},"excerpt":{"rendered":"<p>Autour du Volcan studios recherche fr\u00e9quemment de nouveaux collaborateurs et de nouveaux projets, n\u2019h\u00e9sitez pas \u00e0 nous envoyer une candidature spontan\u00e9e ! Merci d\u2019envoyer&nbsp;un seul&nbsp;mail&nbsp;avec votre CV en PDF votre book en PDF si n\u00e9cessaire un lien vers votre bande &hellip; <a href=\"https:\/\/advstudios.fr\/index.php\/jobs\/\">Continued<\/a><\/p>\n","protected":false},"author":1,"featured_media":0,"parent":0,"menu_order":18,"comment_status":"closed","ping_status":"closed","template":"","meta":{"kt_blocks_editor_width":"","_vp_format_video_url":"","_vp_image_focal_point":[],"footnotes":""},"class_list":["post-1444","page","type-page","status-publish","hentry"],"jetpack_sharing_enabled":true,"_links":{"self":[{"href":"https:\/\/advstudios.fr\/index.php\/wp-json\/wp\/v2\/pages\/1444","targetHints":{"allow":["GET"]}}],"collection":[{"href":"https:\/\/advstudios.fr\/index.php\/wp-json\/wp\/v2\/pages"}],"about":[{"href":"https:\/\/advstudios.fr\/index.php\/wp-json\/wp\/v2\/types\/page"}],"author":[{"embeddable":true,"href":"https:\/\/advstudios.fr\/index.php\/wp-json\/wp\/v2\/users\/1"}],"replies":[{"embeddable":true,"href":"https:\/\/advstudios.fr\/index.php\/wp-json\/wp\/v2\/comments?post=1444"}],"version-history":[{"count":3,"href":"https:\/\/advstudios.fr\/index.php\/wp-json\/wp\/v2\/pages\/1444\/revisions"}],"predecessor-version":[{"id":1472,"href":"https:\/\/advstudios.fr\/index.php\/wp-json\/wp\/v2\/pages\/1444\/revisions\/1472"}],"wp:attachment":[{"href":"https:\/\/advstudios.fr\/index.php\/wp-json\/wp\/v2\/media?parent=1444"}],"curies":[{"name":"wp","href":"https:\/\/api.w.org\/{rel}","templated":true}]}}